{"id":40,"date":"2018-04-26T23:07:20","date_gmt":"2018-04-27T04:07:20","guid":{"rendered":"https:\/\/www.ecades-esp.org\/?page_id=40"},"modified":"2026-03-31T08:32:02","modified_gmt":"2026-03-31T13:32:02","slug":"informacion-tributaria","status":"publish","type":"page","link":"https:\/\/www.ecades-esp.org\/?page_id=40","title":{"rendered":"INFORMACI\u00d3N TRIBUTARIA"},"content":{"rendered":"<ol>\n<li><strong><a href=\"https:\/\/www.ecades-esp.org\/?page_id=144\" target=\"_blank\" rel=\"noopener noreferrer\">DENOMINACI\u00d3N, IDENTIFICACI\u00d3N Y DOMICILIO<\/a><\/strong><\/li>\n<li><strong><a href=\"https:\/\/www.ecades-esp.org\/?page_id=152\" target=\"_blank\" rel=\"noopener noreferrer\">ACTIVIDADES MERITORIAS<\/a><\/strong><\/li>\n<li><strong><a href=\"https:\/\/www.ecades-esp.org\/?page_id=155\" target=\"_blank\" rel=\"noopener noreferrer\">DESTINACI\u00d3N DE EXCEDENTES<\/a><\/strong><\/li>\n<li><strong><a href=\"https:\/\/www.ecades-esp.org\/?page_id=40\" target=\"_blank\" rel=\"noopener noreferrer\">CERTIFICADO DE C\u00c1MARA Y COMERCIO<\/a><\/strong><\/li>\n<li><strong><a href=\"https:\/\/www.ecades-esp.org\/?page_id=165\" target=\"_blank\" rel=\"noopener noreferrer\">NUESTROS FUNDADORES <\/a><\/strong><\/li>\n<li><strong><a href=\"https:\/\/www.ecades-esp.org\/?page_id=40\" target=\"_blank\" rel=\"noopener noreferrer\">INFORMES Y CERTIFICACIONES INFORMACION ESAL<\/a><\/strong><\/li>\n<li><strong><a href=\"https:\/\/www.ecades-esp.org\/?page_id=203\" target=\"_blank\" rel=\"noopener noreferrer\">DIRECTIVA<\/a><\/strong><\/li>\n<li><strong><a href=\"https:\/\/www.ecades-esp.org\/?page_id=208\" target=\"_blank\" rel=\"noopener noreferrer\">PATRIMONIO<\/a><\/strong><\/li>\n<li><strong><a href=\"https:\/\/www.ecades-esp.org\/?page_id=208\" target=\"_blank\" rel=\"noopener noreferrer\">ACTA DE CONSTITUCION Y ESTATUTOS<\/a><\/strong><\/li>\n<\/ol>\n\n\n<div data-wp-interactive=\"core\/file\" class=\"wp-block-file\"><object data-wp-bind--hidden=\"!state.hasPdfPreview\" hidden class=\"wp-block-file__embed\" data=\"https:\/\/www.ecades-esp.org\/wp-content\/uploads\/2026\/03\/CERT-EXIST-Y-REPRE-LEGAL-MARZO-11-DE-2026.pdf\" type=\"application\/pdf\" style=\"width:100%;height:600px\" aria-label=\"Incrustado de &lt;strong&gt;CERTIFICADO DE C\u00c1MARA Y COMERCIO&lt;\/strong&gt;.\"><\/object><a id=\"wp-block-file--media-5003fd7c-0452-41b5-ac94-28f4b11cea33\" href=\"https:\/\/www.ecades-esp.org\/wp-content\/uploads\/2026\/03\/CERT-EXIST-Y-REPRE-LEGAL-MARZO-11-DE-2026.pdf\"><strong>CERTIFICADO DE C\u00c1MARA Y COMERCIO<\/strong><\/a><a href=\"https:\/\/www.ecades-esp.org\/wp-content\/uploads\/2026\/03\/CERT-EXIST-Y-REPRE-LEGAL-MARZO-11-DE-2026.pdf\" class=\"wp-block-file__button wp-element-button\" download aria-describedby=\"wp-block-file--media-5003fd7c-0452-41b5-ac94-28f4b11cea33\">Descarga<\/a><\/div>\n\n\n\n<p><\/p>\n","protected":false},"excerpt":{"rendered":"<p>DENOMINACI\u00d3N, IDENTIFICACI\u00d3N Y DOMICILIO ACTIVIDADES MERITORIAS DESTINACI\u00d3N DE EXCEDENTES CERTIFICADO DE C\u00c1MARA Y COMERCIO NUESTROS FUNDADORES INFORMES Y CERTIFICACIONES INFORMACION ESAL DIRECTIVA PATRIMONIO ACTA DE CONSTITUCION Y ESTATUTOS<\/p>\n","protected":false},"author":1,"featured_media":0,"parent":0,"menu_order":0,"comment_status":"open","ping_status":"closed","template":"","meta":{"footnotes":""},"class_list":["post-40","page","type-page","status-publish","hentry"],"_links":{"self":[{"href":"https:\/\/www.ecades-esp.org\/index.php?rest_route=\/wp\/v2\/pages\/40","targetHints":{"allow":["GET"]}}],"collection":[{"href":"https:\/\/www.ecades-esp.org\/index.php?rest_route=\/wp\/v2\/pages"}],"about":[{"href":"https:\/\/www.ecades-esp.org\/index.php?rest_route=\/wp\/v2\/types\/page"}],"author":[{"embeddable":true,"href":"https:\/\/www.ecades-esp.org\/index.php?rest_route=\/wp\/v2\/users\/1"}],"replies":[{"embeddable":true,"href":"https:\/\/www.ecades-esp.org\/index.php?rest_route=%2Fwp%2Fv2%2Fcomments&post=40"}],"version-history":[{"count":17,"href":"https:\/\/www.ecades-esp.org\/index.php?rest_route=\/wp\/v2\/pages\/40\/revisions"}],"predecessor-version":[{"id":336,"href":"https:\/\/www.ecades-esp.org\/index.php?rest_route=\/wp\/v2\/pages\/40\/revisions\/336"}],"wp:attachment":[{"href":"https:\/\/www.ecades-esp.org\/index.php?rest_route=%2Fwp%2Fv2%2Fmedia&parent=40"}],"curies":[{"name":"wp","href":"https:\/\/api.w.org\/{rel}","templated":true}]}}