{"id":28,"date":"2018-04-26T23:02:04","date_gmt":"2018-04-26T23:02:04","guid":{"rendered":"https:\/\/www.ecades-esp.org\/?page_id=28"},"modified":"2018-04-28T15:33:42","modified_gmt":"2018-04-28T15:33:42","slug":"mision","status":"publish","type":"page","link":"https:\/\/www.ecades-esp.org\/?page_id=28","title":{"rendered":"MISI\u00d3N"},"content":{"rendered":"<ul>\n<li>Ser promotora permanente de la defensa de los recursos h\u00eddricos de la Regi\u00f3n; a trav\u00e9s de la generaci\u00f3n de acciones que garanticen la conservaci\u00f3n de las fuentes de agua para contribuir con el equilibrio ecol\u00f3gico.<\/li>\n<p><\/p>\n<li>Participar o liderar actividades y procesos que contribuyan a la conservaci\u00f3n del ambiente y Territorio.<\/li>\n<p><\/p>\n<li>Garantizar a los habitantes de la Esmeralda los servicios p\u00fablicos Domiciliarios de manera eficiente como aporte al progreso, desarrollo y al mejoramiento de la calidad de vida.<\/li>\n<\/ul>\n","protected":false},"excerpt":{"rendered":"<p>Ser promotora permanente de la defensa de los recursos h\u00eddricos de la Regi\u00f3n; a trav\u00e9s de la generaci\u00f3n de acciones que garanticen la conservaci\u00f3n de las fuentes de agua para contribuir con el equilibrio ecol\u00f3gico. Participar o liderar actividades y<\/p>\n","protected":false},"author":1,"featured_media":0,"parent":0,"menu_order":0,"comment_status":"open","ping_status":"closed","template":"","meta":{"footnotes":""},"class_list":["post-28","page","type-page","status-publish","hentry"],"_links":{"self":[{"href":"https:\/\/www.ecades-esp.org\/index.php?rest_route=\/wp\/v2\/pages\/28","targetHints":{"allow":["GET"]}}],"collection":[{"href":"https:\/\/www.ecades-esp.org\/index.php?rest_route=\/wp\/v2\/pages"}],"about":[{"href":"https:\/\/www.ecades-esp.org\/index.php?rest_route=\/wp\/v2\/types\/page"}],"author":[{"embeddable":true,"href":"https:\/\/www.ecades-esp.org\/index.php?rest_route=\/wp\/v2\/users\/1"}],"replies":[{"embeddable":true,"href":"https:\/\/www.ecades-esp.org\/index.php?rest_route=%2Fwp%2Fv2%2Fcomments&post=28"}],"version-history":[{"count":4,"href":"https:\/\/www.ecades-esp.org\/index.php?rest_route=\/wp\/v2\/pages\/28\/revisions"}],"predecessor-version":[{"id":133,"href":"https:\/\/www.ecades-esp.org\/index.php?rest_route=\/wp\/v2\/pages\/28\/revisions\/133"}],"wp:attachment":[{"href":"https:\/\/www.ecades-esp.org\/index.php?rest_route=%2Fwp%2Fv2%2Fmedia&parent=28"}],"curies":[{"name":"wp","href":"https:\/\/api.w.org\/{rel}","templated":true}]}}