{"id":155,"date":"2018-04-28T17:20:01","date_gmt":"2018-04-28T17:20:01","guid":{"rendered":"https:\/\/www.ecades-esp.org\/?page_id=155"},"modified":"2021-04-05T17:09:50","modified_gmt":"2021-04-05T17:09:50","slug":"destinacion-de-excedentes","status":"publish","type":"page","link":"https:\/\/www.ecades-esp.org\/?page_id=155","title":{"rendered":"DESTINACI\u00d3N DE EXCEDENTES"},"content":{"rendered":"\n<figure class=\"wp-block-image size-large\"><img loading=\"lazy\" decoding=\"async\" width=\"595\" height=\"841\" src=\"https:\/\/www.ecades-esp.org\/wp-content\/uploads\/2021\/04\/ACTA-032-ASAMBLEA-GENERAL_003.png\" alt=\"\" class=\"wp-image-273\" srcset=\"https:\/\/www.ecades-esp.org\/wp-content\/uploads\/2021\/04\/ACTA-032-ASAMBLEA-GENERAL_003.png 595w, https:\/\/www.ecades-esp.org\/wp-content\/uploads\/2021\/04\/ACTA-032-ASAMBLEA-GENERAL_003-212x300.png 212w\" sizes=\"auto, (max-width: 595px) 100vw, 595px\" \/><\/figure>\n\n\n<p>De acuerdo al acta de asamblea N\u00b0 32 realizada el 20 de febrero de 2021 se extrae la informaci\u00f3n correspondiente a destinaci\u00f3n de excedentes:<\/p>\n<p>\u00a0<\/p>\n<p style=\"text-align: justify;\">\u00a0<\/p>\n<p><strong>El monto y el destino de las asignaciones permanentes que se hayan realizado en el a\u00f1o y los plazos adicionales que est\u00e9n autorizados por el m\u00e1ximo \u00f3rgano social, cuando corresponda.<\/strong><\/p>\n<p>ECADES E.S.P, no posee asignaciones permanentes.<\/p>","protected":false},"excerpt":{"rendered":"<p>De acuerdo al acta de asamblea N\u00b0 32 realizada el 20 de febrero de 2021 se extrae la informaci\u00f3n correspondiente a destinaci\u00f3n de excedentes: \u00a0 \u00a0 El monto y el destino de las asignaciones permanentes que se hayan realizado en<\/p>\n","protected":false},"author":1,"featured_media":0,"parent":0,"menu_order":0,"comment_status":"open","ping_status":"closed","template":"","meta":{"footnotes":""},"class_list":["post-155","page","type-page","status-publish","hentry"],"_links":{"self":[{"href":"https:\/\/www.ecades-esp.org\/index.php?rest_route=\/wp\/v2\/pages\/155","targetHints":{"allow":["GET"]}}],"collection":[{"href":"https:\/\/www.ecades-esp.org\/index.php?rest_route=\/wp\/v2\/pages"}],"about":[{"href":"https:\/\/www.ecades-esp.org\/index.php?rest_route=\/wp\/v2\/types\/page"}],"author":[{"embeddable":true,"href":"https:\/\/www.ecades-esp.org\/index.php?rest_route=\/wp\/v2\/users\/1"}],"replies":[{"embeddable":true,"href":"https:\/\/www.ecades-esp.org\/index.php?rest_route=%2Fwp%2Fv2%2Fcomments&post=155"}],"version-history":[{"count":9,"href":"https:\/\/www.ecades-esp.org\/index.php?rest_route=\/wp\/v2\/pages\/155\/revisions"}],"predecessor-version":[{"id":276,"href":"https:\/\/www.ecades-esp.org\/index.php?rest_route=\/wp\/v2\/pages\/155\/revisions\/276"}],"wp:attachment":[{"href":"https:\/\/www.ecades-esp.org\/index.php?rest_route=%2Fwp%2Fv2%2Fmedia&parent=155"}],"curies":[{"name":"wp","href":"https:\/\/api.w.org\/{rel}","templated":true}]}}