{"id":152,"date":"2018-04-28T17:17:53","date_gmt":"2018-04-28T17:17:53","guid":{"rendered":"https:\/\/www.ecades-esp.org\/?page_id=152"},"modified":"2019-05-21T22:47:27","modified_gmt":"2019-05-21T22:47:27","slug":"actividades-meritorias","status":"publish","type":"page","link":"https:\/\/www.ecades-esp.org\/?page_id=152","title":{"rendered":"ACTIVIDADES MERITORIAS"},"content":{"rendered":"<ul>\n<li>ECADES E.S.P., presta servicios p\u00fablicos domiciliarios y protecci\u00f3n ambiental, su objeto se enmarca en lo establecido en los literales 5 y 6 del Art. 359. Objeto social, del Estatuto Tributario, establece: El objeto social de las entidades sin \u00e1nimo de lucro que hace procedente su admisi\u00f3n al R\u00e9gimen Tributario Especial de que trata el presente Cap\u00edtulo y el art\u00edculo 19 del presente Estatuto, deber\u00e1 corresponder a cualquiera de las siguientes actividades meritorias, siempre y cuando las mismas sean de inter\u00e9s general y que a ellas tenga acceso la comunidad:\n<ol start=\"5\">\n<li><u> Actividades de desarrollo social, que comprende las siguientes actividades:<\/u><\/li>\n<li>Desarrollo, promoci\u00f3n, mejoramiento de la calidad y cobertura de los servicios p\u00fablicos y los servicios p\u00fablicos domiciliarios, as\u00ed como el avance en las metas de desarrollo fijadas por la Organizaci\u00f3n de las Naciones Unidas.<\/li>\n<li>Actividades de protecci\u00f3n al medio ambiente. Conservaci\u00f3n, recuperaci\u00f3n, protecci\u00f3n, manejo, uso y aprovechamiento de los recursos naturales renovables y el medio ambiente sostenible.<\/li>\n<\/ol>\n<\/li>\n<\/ul>\n","protected":false},"excerpt":{"rendered":"<p>ECADES E.S.P., presta servicios p\u00fablicos domiciliarios y protecci\u00f3n ambiental, su objeto se enmarca en lo establecido en los literales 5 y 6 del Art. 359. Objeto social, del Estatuto Tributario, establece: El objeto social de las entidades sin \u00e1nimo de<\/p>\n","protected":false},"author":1,"featured_media":0,"parent":0,"menu_order":0,"comment_status":"open","ping_status":"closed","template":"","meta":{"footnotes":""},"class_list":["post-152","page","type-page","status-publish","hentry"],"_links":{"self":[{"href":"https:\/\/www.ecades-esp.org\/index.php?rest_route=\/wp\/v2\/pages\/152","targetHints":{"allow":["GET"]}}],"collection":[{"href":"https:\/\/www.ecades-esp.org\/index.php?rest_route=\/wp\/v2\/pages"}],"about":[{"href":"https:\/\/www.ecades-esp.org\/index.php?rest_route=\/wp\/v2\/types\/page"}],"author":[{"embeddable":true,"href":"https:\/\/www.ecades-esp.org\/index.php?rest_route=\/wp\/v2\/users\/1"}],"replies":[{"embeddable":true,"href":"https:\/\/www.ecades-esp.org\/index.php?rest_route=%2Fwp%2Fv2%2Fcomments&post=152"}],"version-history":[{"count":5,"href":"https:\/\/www.ecades-esp.org\/index.php?rest_route=\/wp\/v2\/pages\/152\/revisions"}],"predecessor-version":[{"id":228,"href":"https:\/\/www.ecades-esp.org\/index.php?rest_route=\/wp\/v2\/pages\/152\/revisions\/228"}],"wp:attachment":[{"href":"https:\/\/www.ecades-esp.org\/index.php?rest_route=%2Fwp%2Fv2%2Fmedia&parent=152"}],"curies":[{"name":"wp","href":"https:\/\/api.w.org\/{rel}","templated":true}]}}