{"id":126,"date":"2018-04-28T15:22:24","date_gmt":"2018-04-28T15:22:24","guid":{"rendered":"https:\/\/www.ecades-esp.org\/?page_id=126"},"modified":"2018-04-28T15:34:04","modified_gmt":"2018-04-28T15:34:04","slug":"objetivos","status":"publish","type":"page","link":"https:\/\/www.ecades-esp.org\/?page_id=126","title":{"rendered":"OBJETIVOS"},"content":{"rendered":"<ul>\n<li>Promover la defensa, protecci\u00f3n y conservaci\u00f3n de las cuencas h\u00eddricas y en especial la que nos provee de agua, a trav\u00e9s de la activa participaci\u00f3n y concientizaci\u00f3n de todos los habitantes de La Esmeralda y sus zonas aleda\u00f1as.<\/li>\n<p><\/p>\n<li>Prestar en forma continua y eficiente el servicio de agua potable a todos los usuarios y suscriptores del servicio.<\/li>\n<p><\/p>\n<li>Optimizar los equipos que garanticen la prestaci\u00f3n de los servicios a la comunidad de la Esmeralda.<\/li>\n<p><\/p>\n<li>Generar las acciones necesarias para la ampliaci\u00f3n de los servicios y cobertura<\/li>\n<\/ul>\n","protected":false},"excerpt":{"rendered":"<p>Promover la defensa, protecci\u00f3n y conservaci\u00f3n de las cuencas h\u00eddricas y en especial la que nos provee de agua, a trav\u00e9s de la activa participaci\u00f3n y concientizaci\u00f3n de todos los habitantes de La Esmeralda y sus zonas aleda\u00f1as. Prestar en<\/p>\n","protected":false},"author":1,"featured_media":0,"parent":0,"menu_order":0,"comment_status":"closed","ping_status":"closed","template":"","meta":{"footnotes":""},"class_list":["post-126","page","type-page","status-publish","hentry"],"_links":{"self":[{"href":"https:\/\/www.ecades-esp.org\/index.php?rest_route=\/wp\/v2\/pages\/126","targetHints":{"allow":["GET"]}}],"collection":[{"href":"https:\/\/www.ecades-esp.org\/index.php?rest_route=\/wp\/v2\/pages"}],"about":[{"href":"https:\/\/www.ecades-esp.org\/index.php?rest_route=\/wp\/v2\/types\/page"}],"author":[{"embeddable":true,"href":"https:\/\/www.ecades-esp.org\/index.php?rest_route=\/wp\/v2\/users\/1"}],"replies":[{"embeddable":true,"href":"https:\/\/www.ecades-esp.org\/index.php?rest_route=%2Fwp%2Fv2%2Fcomments&post=126"}],"version-history":[{"count":3,"href":"https:\/\/www.ecades-esp.org\/index.php?rest_route=\/wp\/v2\/pages\/126\/revisions"}],"predecessor-version":[{"id":134,"href":"https:\/\/www.ecades-esp.org\/index.php?rest_route=\/wp\/v2\/pages\/126\/revisions\/134"}],"wp:attachment":[{"href":"https:\/\/www.ecades-esp.org\/index.php?rest_route=%2Fwp%2Fv2%2Fmedia&parent=126"}],"curies":[{"name":"wp","href":"https:\/\/api.w.org\/{rel}","templated":true}]}}