{"id":119,"date":"2018-04-28T15:13:16","date_gmt":"2018-04-28T15:13:16","guid":{"rendered":"https:\/\/www.ecades-esp.org\/?page_id=119"},"modified":"2018-04-28T15:18:41","modified_gmt":"2018-04-28T15:18:41","slug":"ecades-esp-trabajo-comunitario-con-sentido-social","status":"publish","type":"page","link":"https:\/\/www.ecades-esp.org\/?page_id=119","title":{"rendered":"ECADES ESP, TRABAJO COMUNITARIO CON SENTIDO SOCIAL"},"content":{"rendered":"<p style=\"text-align: center;\"><span style=\"color: #000000;\">EMPRESA COMUNITARIA DE ASEO, ACUEDUCTO Y ALCANTARILLADO DEL CORREGIMIENTO DE LA ESMERALDA \u201cECADES E.S.P\u201d<\/span><\/p>\n<p style=\"text-align: justify;\"><span style=\"color: #000000;\"><strong>ECADES <\/strong>surgi\u00f3 de la necesidad de fundar una entidad que cumpliera con el objetivo de servirle a la comunidad tanto en los servicios p\u00fablicos domiciliarios como en el aspecto social, liderada y administrada por miembros de la comunidad, quienes\u00a0 d\u00eda a d\u00eda fueron gestores del avance y progreso de la poblaci\u00f3n velando por el manejo adecuado de los recursos naturales y del medio ambiente, promoviendo la participaci\u00f3n comunitaria, el mejoramiento social y cultural de sus habitantes.<\/span><\/p>\n<p style=\"text-align: justify;\"><span style=\"color: #000000;\">La conformaci\u00f3n de ECADES se debi\u00f3 a un contrato que se hizo con la administraci\u00f3n municipal de paso: \u201cServicios Profesionales N\u00ba 267\/2004\u201d,, contrato que ten\u00eda como objetivo la Promoci\u00f3n y Organizaci\u00f3n Administrativa y Operativa de los Sistemas De Acueducto, Alcantarillado Y Aseo para las Veredas San Lorenzo, Campamento, La Esmeralda, La Reinera, La Pesquera Y El Troncal del Municipio de Arauquita; fue as\u00ed como pronunci\u00f3 la anteriormente nombrada ECSPES ESP, Empresa Comunitaria De Servicios P\u00fablicos Y Saneamiento B\u00e1sico de La Inspecci\u00f3n Especial de La Esmeralda ESP.<\/span><\/p>\n<p style=\"text-align: justify;\"><span style=\"color: #000000;\">ECADES naci\u00f3 de la inquietud de un grupo de asociados fundadores de la Esmeralda en el a\u00f1o 2005, quienes en la Asamblea realizada en abril de 2005 en las instalaciones de la Concentraci\u00f3n Atanasio Girardot de la Esmeralda manifestaron la voluntad de crear una empresa sin \u00e1nimo de lucro contando con la asistencia de m\u00e1s de cien personas.<\/span><\/p>\n<p style=\"text-align: justify;\"><span style=\"color: #000000;\">De esta manera se emprendi\u00f3 una empresa preocupada por el tema ambiental, la parte social, por la participaci\u00f3n, la convivencia comunitaria y el desarrollo, brindando oportunidades y contribuyendo desde sus inicios a mejorar la calidad de vida de los habitantes de la esmeralda.<\/span><\/p>\n<p style=\"text-align: justify;\"><span style=\"color: #000000;\">En sus cinco a\u00f1os de existencia ECADES ha operado de manera informal y sin firmar el contrato de operaci\u00f3n correspondiente con la administraci\u00f3n municipal, se ha contado con el apoyo y colaboraci\u00f3n de la comunidad realizando la labor adecuada con responsabilidad y compromiso.<\/span><\/p>\n<p style=\"text-align: justify;\"><span style=\"color: #000000;\">Para el a\u00f1o 2009, se vio la necesidad de modificar el nombre de la empresa (sigla) puesto que ECSPES ESP creaba una redundancia en su significado y teniendo en cuenta la asesor\u00eda de abogados y conocedores del tema, se propuso cambiarla quedando EMPRESA COMUNITARIA DE ASEO, ACUEDUCTO Y ALCANTARILLADO DEL CORREGIMIENTO DE LA ESMERALDA\u00a0 \u201cECADES\u00a0 E.S.P\u201d.<\/span><\/p>\n<p style=\"text-align: justify;\"><span style=\"color: #000000;\">Actualmente cuenta con personal id\u00f3neo y trabajadores honestos que han colaborado desinteresadamente en la consolidaci\u00f3n de la empresa que en sus cinco a\u00f1os no han hecho otra cosa que contribuir con el bienestar de la comunidad.<\/span><\/p>\n<p style=\"text-align: justify;\"><span style=\"color: #000000;\">ECADES trabaja con sentido social, con responsabilidad, con conciencia en la preservaci\u00f3n del ambiente, creada para el crecimiento econ\u00f3mico, en la optimizaci\u00f3n de los recursos y en el desarrollo social.<\/span><\/p>\n","protected":false},"excerpt":{"rendered":"<p>EMPRESA COMUNITARIA DE ASEO, ACUEDUCTO Y ALCANTARILLADO DEL CORREGIMIENTO DE LA ESMERALDA \u201cECADES E.S.P\u201d ECADES surgi\u00f3 de la necesidad de fundar una entidad que cumpliera con el objetivo de servirle a la comunidad tanto en los servicios p\u00fablicos domiciliarios como<\/p>\n","protected":false},"author":1,"featured_media":0,"parent":0,"menu_order":0,"comment_status":"closed","ping_status":"closed","template":"","meta":{"footnotes":""},"class_list":["post-119","page","type-page","status-publish","hentry"],"_links":{"self":[{"href":"https:\/\/www.ecades-esp.org\/index.php?rest_route=\/wp\/v2\/pages\/119","targetHints":{"allow":["GET"]}}],"collection":[{"href":"https:\/\/www.ecades-esp.org\/index.php?rest_route=\/wp\/v2\/pages"}],"about":[{"href":"https:\/\/www.ecades-esp.org\/index.php?rest_route=\/wp\/v2\/types\/page"}],"author":[{"embeddable":true,"href":"https:\/\/www.ecades-esp.org\/index.php?rest_route=\/wp\/v2\/users\/1"}],"replies":[{"embeddable":true,"href":"https:\/\/www.ecades-esp.org\/index.php?rest_route=%2Fwp%2Fv2%2Fcomments&post=119"}],"version-history":[{"count":3,"href":"https:\/\/www.ecades-esp.org\/index.php?rest_route=\/wp\/v2\/pages\/119\/revisions"}],"predecessor-version":[{"id":123,"href":"https:\/\/www.ecades-esp.org\/index.php?rest_route=\/wp\/v2\/pages\/119\/revisions\/123"}],"wp:attachment":[{"href":"https:\/\/www.ecades-esp.org\/index.php?rest_route=%2Fwp%2Fv2%2Fmedia&parent=119"}],"curies":[{"name":"wp","href":"https:\/\/api.w.org\/{rel}","templated":true}]}}